{"id":40,"date":"2022-01-28T10:27:25","date_gmt":"2022-01-28T10:27:25","guid":{"rendered":"http:\/\/www.kalliorollingrainbow.fi\/?page_id=40"},"modified":"2025-11-02T12:17:32","modified_gmt":"2025-11-02T10:17:32","slug":"about-us","status":"publish","type":"page","link":"https:\/\/www.kalliorollingrainbow.fi\/index.php\/about-us\/","title":{"rendered":"Meist\u00e4"},"content":{"rendered":"\n<p>Kallio Rolling Rainbow perustettiin kes\u00e4ll\u00e4 2010 Helsingin Suvilahdessa. KRR:\u00e4\u00e4n ovat perustamisesta asti olleet tervetulleita kaikki i\u00e4st\u00e4, sukupuolesta, uskonnosta, seksuaalisesta suuntautumisesta, kielest\u00e4, kansallisuudesta tai mielipiteest\u00e4 riippumatta. Kallion logossa oleva sateenkaari symboloi t\u00e4t\u00e4 j\u00e4senist\u00f6n moninaisuutta.<\/p>\n\n\n\n<p>Roller derby aktivoi urheilun pariin usein harrastajia, joita muut lajit eiv\u00e4t tavoita. Seura kohottaa j\u00e4sentens\u00e4 ja lajista kiinnostuneiden fyysist\u00e4 kuntoa sek\u00e4 innostaa uusia ihmisi\u00e4 urheilun ja yhteis\u00f6llisen harrastuksen pariin. Seurallemme on my\u00f6s t\u00e4rke\u00e4\u00e4 edist\u00e4\u00e4 ihmistenv\u00e4list\u00e4 yhdenvertaisuutta kansallisuuteen, ihonv\u00e4riin, sukupuoleen tai seksuaaliseen suuntaukseen katsomatta.<\/p>\n\n\n\n<p>\ud83e\udd47 A-joukkue, <em>All Colours<\/em>, on hallitseva Suomen mestari ja B-joukkue,<em> <\/em>Kinapori Fistfunkers, I-divisioonan mestari. \ud83e\udd47<\/p>\n\n\n\n<figure class=\"wp-block-image size-large\"><img loading=\"lazy\" decoding=\"async\" width=\"1024\" height=\"640\" src=\"http:\/\/www.kalliorollingrainbow.fi\/wp-content\/uploads\/2023\/02\/Kallio_rolling_rainbow_cheers-1024x640.jpg\" alt=\"\" class=\"wp-image-813\" srcset=\"https:\/\/www.kalliorollingrainbow.fi\/wp-content\/uploads\/2023\/02\/Kallio_rolling_rainbow_cheers-1024x640.jpg 1024w, https:\/\/www.kalliorollingrainbow.fi\/wp-content\/uploads\/2023\/02\/Kallio_rolling_rainbow_cheers-300x188.jpg 300w, https:\/\/www.kalliorollingrainbow.fi\/wp-content\/uploads\/2023\/02\/Kallio_rolling_rainbow_cheers-768x480.jpg 768w, https:\/\/www.kalliorollingrainbow.fi\/wp-content\/uploads\/2023\/02\/Kallio_rolling_rainbow_cheers-1536x960.jpg 1536w, https:\/\/www.kalliorollingrainbow.fi\/wp-content\/uploads\/2023\/02\/Kallio_rolling_rainbow_cheers.jpg 1920w\" sizes=\"auto, (max-width: 706px) 89vw, (max-width: 767px) 82vw, 740px\" \/><\/figure>\n\n\n\n<figure class=\"wp-block-embed is-type-video is-provider-youtube wp-block-embed-youtube wp-embed-aspect-16-9 wp-has-aspect-ratio\"><div class=\"wp-block-embed__wrapper\">\n<iframe loading=\"lazy\" title=\"Kallio Rolling Rainbow - All Colours\" width=\"525\" height=\"295\" src=\"https:\/\/www.youtube.com\/embed\/gpZ5z4VuVQk?feature=oembed\" frameborder=\"0\" allow=\"accelerometer; autoplay; clipboard-write; encrypted-media; gyroscope; picture-in-picture; web-share\" referrerpolicy=\"strict-origin-when-cross-origin\" allowfullscreen><\/iframe>\n<\/div><figcaption>All Colours 2016, kuvaus: Erika Luoto &amp; Julius Koivistoinen, editointi: Justus J\u00e4rnefelt, Studio Fotonokka<\/figcaption><\/figure>\n\n\n\n<h2 class=\"wp-block-heading\" id=\"roller-derby-in-a-nutshell\">Roller derby p\u00e4hkin\u00e4nkuoressa<\/h2>\n\n\n\n<p>Roller derby on Yhdysvalloista l\u00e4ht\u00f6isin oleva ovaalilla radalla pelattava kontaktilaji, jossa kaksi joukkuetta kilpailee toisiaan vastaan. Suomessa pelataan tasaisella alustalla lajin &#8220;flat track&#8221; -muotoa. Luistimet ovat quad-malliset ja pelaajan muut pakolliset varusteet ovat polvi-, kyyn\u00e4r-, ranne- ja hammassuojat sek\u00e4 kyp\u00e4r\u00e4. Pisteit\u00e4 roller derbyss\u00e4 tekee kummankin joukkueen oma pisteidentekij\u00e4 eli jammeri ohittamalla vastapuolen pelaajia kierroksella. Muut pelaajat yritt\u00e4v\u00e4t est\u00e4\u00e4 vastustajan jammeria etenem\u00e4st\u00e4 ja auttaa omaa jammeria ohittamaan vastustajia.<\/p>\n\n\n\n<p>Peli muodostuu kahdesta 30 minuutin mittaisesta er\u00e4st\u00e4, jotka koostuvat maksimissaan kahden minuutin pituisista jameista. Molemmista joukkueista on kent\u00e4ll\u00e4 kerrallaan viisi pelaajaa, joista yksi on pisteidentekij\u00e4 eli&nbsp;t\u00e4htihattuinen jammeri. Jammeri luistelee radalla ja ker\u00e4\u00e4 pisteit\u00e4 ohittamalla vastajoukkueen pelaajia. Muut pelaajat eli&nbsp;blokkerit&nbsp;hy\u00f6kk\u00e4\u00e4v\u00e4t ja puolustavat yht\u00e4 aikaa pyrkien est\u00e4m\u00e4\u00e4n vastajoukkueen jammerin etenemisen radalla sek\u00e4 auttamaan omaa jammeriaan p\u00e4\u00e4sem\u00e4\u00e4n vastustajien ohi. Tarkat s\u00e4\u00e4nn\u00f6t m\u00e4\u00e4ritt\u00e4v\u00e4t pelin kulun. Peliss\u00e4 on useita tuomereita antamassa rangaistuksia s\u00e4\u00e4nt\u00f6jen rikkojille sek\u00e4 laskemassa pisteit\u00e4. Lis\u00e4ksi peliss\u00e4 on toimitsijoita, jotka muun muassa laskevat pisteit\u00e4 ja kellottavat j\u00e4\u00e4hyj\u00e4.<\/p>\n\n\n\n<div class=\"wp-block-buttons is-layout-flex wp-block-buttons-is-layout-flex\">\n<div class=\"wp-block-button\"><a class=\"wp-block-button__link\" href=\"https:\/\/wftda.com\/the-game\/\">Lue lis\u00e4\u00e4 lajista ja s\u00e4\u00e4nn\u00f6ist\u00e4 (WFTDA)<\/a><\/div>\n<\/div>\n\n\n\n<h2 class=\"wp-block-heading\" id=\"joukkueet\">Joukkueet<\/h2>\n\n\n\n<p>Kallio Rolling Rainbow\u2019lla on kolme joukkuetta. A-joukkue, <em>All Colours<\/em>, on hallitseva Suomen mestari 2025. Joukkue pelaa ensisijaisesti SM-sarjassa, mutta osallistuu my\u00f6s kansainv\u00e4lisiin peleihin ja turnauksiin.<\/p>\n\n\n\n<p>B-joukkue, <em>Kinapori Fistfunkers<\/em>, pelaa SM-sarjan I-Divisioonassa, jossa se on hallitseva mestari 2025. Joukkue osallistuu my\u00f6s muihin peleihin ja turnauksiin, my\u00f6s kansainv\u00e4lisesti.<\/p>\n\n\n\n<p>Harrastejoukkue, <em>Piritorin \u00c4ss\u00e4t<\/em>, tarjoaa pelimahdollisuuksia uudemmille luistelijoille sek\u00e4 niille, jotka eiv\u00e4t halua kilpailla tavoitteellisesti. \u00c4ssiss\u00e4 p\u00e4\u00e4see pelaamaan ja treenaamaan heti, kun luistelutaitojen minimivaatimukset on suoritettu. Harrastejoukkue on useimmille uusille pelaajille aloitusjoukkue, jossa pelataan ensimm\u00e4iset scrimmaget ja pelit. I<a href=\"https:\/\/www.kalliorollingrainbow.fi\/index.php\/2022\/04\/25\/joukkuehaku\/\" data-type=\"URL\" data-id=\"https:\/\/www.kalliorollingrainbow.fi\/index.php\/2022\/04\/25\/joukkuehaku\/\">lmoittaudu mukaan \u00c4ssiin!<\/a><\/p>\n\n\n\n<p>Joukkueita hallinnoi valmennus ja joukkueiden valitsemat kapteenit. A- ja B-joukkueisiin valitaan pelaajat noin nelj\u00e4nnesvuosittain j\u00e4rjestett\u00e4v\u00e4ll\u00e4 charter-haulla.<\/p>\n\n\n\n<h2 class=\"wp-block-heading\">Kuka voi pelata joukkueissamme?<\/h2>\n\n\n\n<p>Kilpailevien joukkueidemme osalta noudatamme kattoj\u00e4rjest\u00f6mme <a href=\"https:\/\/wftda.com\/\" data-type=\"URL\" data-id=\"https:\/\/wftda.com\/\">WFTDA<\/a>:n (Women\u2019s Flat Track Derby Association) sukupuoliin liittyvi\u00e4 s\u00e4\u00e4nt\u00f6j\u00e4. Kallio Rolling Rainbow -seurassa tulkitsemme WFTDAn &#8220;gender expansive&#8221; -k\u00e4sitteen kattavan kaikki transsukupuoliset, intersukupuoliset ja ei-bin\u00e4\u00e4riset pelaajat. Kaikki, jotka kokevat voivansa pelata t\u00e4m\u00e4n sukupuolipolitiikan mukaisesti, saavat kilpailla KRR:n kilpailevissa joukkueissa.<\/p>\n\n\n\n<h2 class=\"wp-block-heading\">Toimitsijat ja refet<\/h2>\n\n\n\n<p>Kallio Rolling Rainbow:lla on joukko kovatasoisia tuomareita ja toimitsijoita, joita koulutamme aktiivisesti. Toimitsijoiden, NSO (<em>non-skating officials<\/em>)&nbsp;teht\u00e4vi\u00e4 ovat mm. pisteidenlasku, rangaistusten kellottaminen, kent\u00e4llisten ja rangaistusten kirjaaminen sek\u00e4 pelikellon operointi. Tuomarit liikkuvat luistellen ja k\u00e4ytt\u00e4v\u00e4t samoja suojia kuin pelaajatkin hammassuojia lukuunottamatta. Tuomareiden teht\u00e4v\u00e4n\u00e4 on varmistaa pelaajien turvallisuus, kommunikoida joukkueen ker\u00e4\u00e4m\u00e4t pisteet pisteidenlaskijoille ja seurata yleisesti s\u00e4\u00e4nt\u00f6jen noudattamista. <\/p>\n\n\n\n<p>Toimitsijayhteis\u00f6ss\u00e4 on hyv\u00e4 meininki, ja otamme uudet tyypit innolla vastaan! Toimitseminen ja tuomarointi sopii kenelle tahansa lajista innostuneelle. Tuomarin roolissa tarkka s\u00e4\u00e4ntotuntemus on t\u00e4rke\u00e4\u00e4, mutta pelk\u00e4st\u00e4\u00e4n s\u00e4\u00e4nt\u00f6j\u00e4 lukemalla ei tule hyv\u00e4ksi tuomariksi, vaan taidot kehittyv\u00e4t pikkuhiljaa pelitilanteissa. Kokemuksen kartuttua toimitsijana ja tuomarina voi my\u00f6s kiert\u00e4\u00e4 toimitsemassa pelej\u00e4 ja turnauksia halutessaan vaikka ymp\u00e4ri maailman.<\/p>\n\n\n\n<p>Jos kiinnostuit, voit aloittaa toimitsijan uran rakentamisen vaikka saman tien. Koulutamme uusia, innokkaita toimitsijoita seuramme sis\u00e4isiss\u00e4 ja seurojen v\u00e4lisiss\u00e4 harjoituspeleiss\u00e4. <\/p>\n\n\n\n<p>Tuomariksi p\u00e4\u00e4see <a href=\"http:\/\/www.kalliorollingrainbow.fi\/index.php\/beginners-and-open-skate\/\" data-type=\"page\" data-id=\"57\">alkeiskurssin <\/a>kautta, sill\u00e4 tuomarilla pit\u00e4\u00e4 olla hyv\u00e4t luistelutaidot. Vaikka tuomaria ei saa taklata, eik\u00e4 tuomari itsek\u00e4\u00e4n taklaa ket\u00e4\u00e4n, on tuomarin my\u00f6s pystytt\u00e4v\u00e4 ottamaan vastaan kontaktia, sill\u00e4 toisinaan pelin tiimellyksess\u00e4 pelaajat saattavat vahingossa osua tuomariin . Alkeiskurssin aikana ja sen j\u00e4lkeen p\u00e4\u00e4set tutustumaan my\u00f6s lajin s\u00e4\u00e4nt\u00f6ihin tarkemmin ja voit aloittaa itse tuomarity\u00f6skentelyyn tutustumisen harjoituspeleiss\u00e4. <\/p>\n\n\n\n<h1 class=\"wp-block-heading\" id=\"pelaajanimet-ja-numerot\">Pelaajanimet ja -numerot<\/h1>\n\n\n\n<p>Jokainen uusi pelaaja valitsee itselleen pelinumeron. Pelinumero voi olla 1-4 numeroa sis\u00e4lt\u00e4v\u00e4 numerosarja, joka ei ole jo jonkun kalliolaisen k\u00e4yt\u00f6ss\u00e4. Numerolla voi olla jokin hauska merkitys tai sitten ei. Kysele vapaista numeroista valmentajiltasi.<\/p>\n\n\n\n<p>Hauska pelaajanimi on vapaaehtoinen. Toisinaan haluttu pelaajanimi ja se, miksi sinua lopulta p\u00e4\u00e4dyt\u00e4\u00e4n seurassa kutsumaan eiv\u00e4t t\u00e4sm\u00e4\u00e4. Aika usein my\u00f6s se lempinimi, jonka ensimm\u00e4isen\u00e4 saat, j\u00e4\u00e4 pysyv\u00e4ksi, joten \u00e4l\u00e4 k\u00e4yt\u00e4 liikaa aikaasi nimen miettimiseen &#8211; joukkuekaverisi tekev\u00e4t sen kyll\u00e4 puolestasi! Voit my\u00f6s pelata omalla nimell\u00e4si &#8211; joidenkin mielest\u00e4 tyls\u00e4 valinta, mutta aika moni derbymaailmassa valitsee nyky\u00e4\u00e4n jo oman nimen pelipaitaan.<\/p>\n","protected":false},"excerpt":{"rendered":"<p>Kallio Rolling Rainbow perustettiin kes\u00e4ll\u00e4 2010 Helsingin Suvilahdessa. KRR:\u00e4\u00e4n ovat perustamisesta asti olleet tervetulleita kaikki i\u00e4st\u00e4, sukupuolesta, uskonnosta, seksuaalisesta suuntautumisesta, kielest\u00e4, kansallisuudesta tai mielipiteest\u00e4 riippumatta. Kallion logossa oleva sateenkaari symboloi t\u00e4t\u00e4 j\u00e4senist\u00f6n moninaisuutta. Roller derby aktivoi urheilun pariin usein harrastajia, joita muut lajit eiv\u00e4t tavoita. Seura kohottaa j\u00e4sentens\u00e4 ja lajista kiinnostuneiden fyysist\u00e4 kuntoa sek\u00e4 innostaa &hellip; <\/p>\n<p class=\"link-more\"><a href=\"https:\/\/www.kalliorollingrainbow.fi\/index.php\/about-us\/\" class=\"more-link\">Continue reading<span class=\"screen-reader-text\"> &#8220;Meist\u00e4&#8221;<\/span><\/a><\/p>\n","protected":false},"author":1,"featured_media":0,"parent":0,"menu_order":0,"comment_status":"closed","ping_status":"closed","template":"","meta":{"footnotes":""},"class_list":["post-40","page","type-page","status-publish","hentry"],"jetpack_sharing_enabled":true,"_links":{"self":[{"href":"https:\/\/www.kalliorollingrainbow.fi\/index.php\/wp-json\/wp\/v2\/pages\/40","targetHints":{"allow":["GET"]}}],"collection":[{"href":"https:\/\/www.kalliorollingrainbow.fi\/index.php\/wp-json\/wp\/v2\/pages"}],"about":[{"href":"https:\/\/www.kalliorollingrainbow.fi\/index.php\/wp-json\/wp\/v2\/types\/page"}],"author":[{"embeddable":true,"href":"https:\/\/www.kalliorollingrainbow.fi\/index.php\/wp-json\/wp\/v2\/users\/1"}],"replies":[{"embeddable":true,"href":"https:\/\/www.kalliorollingrainbow.fi\/index.php\/wp-json\/wp\/v2\/comments?post=40"}],"version-history":[{"count":34,"href":"https:\/\/www.kalliorollingrainbow.fi\/index.php\/wp-json\/wp\/v2\/pages\/40\/revisions"}],"predecessor-version":[{"id":1444,"href":"https:\/\/www.kalliorollingrainbow.fi\/index.php\/wp-json\/wp\/v2\/pages\/40\/revisions\/1444"}],"wp:attachment":[{"href":"https:\/\/www.kalliorollingrainbow.fi\/index.php\/wp-json\/wp\/v2\/media?parent=40"}],"curies":[{"name":"wp","href":"https:\/\/api.w.org\/{rel}","templated":true}]}}