{"id":176,"date":"2022-03-25T10:11:25","date_gmt":"2022-03-25T10:11:25","guid":{"rendered":"http:\/\/www.kalliorollingrainbow.fi\/?page_id=176"},"modified":"2026-01-19T14:56:02","modified_gmt":"2026-01-19T12:56:02","slug":"free-open-skate","status":"publish","type":"page","link":"https:\/\/www.kalliorollingrainbow.fi\/index.php\/free-open-skate\/","title":{"rendered":"Open Skate!"},"content":{"rendered":"\n<p>Tule kokeilemaan luistelua Kallio Rolling Rainbow\u2019n Open Skatessa ja aloita <a href=\"http:\/\/www.kalliorollingrainbow.fi\/index.php\/alkeiskurssi\/\" data-type=\"page\" data-id=\"57\">roller derbyn alkeiskurssi!<\/a><\/p>\n\n\n\n<p>Seuraava <strong>Open Skate<\/strong> j\u00e4rjestet\u00e4\u00e4n 13.3.2026 Pasilan Urheiluhallissa klo 18-19.30 \/ 21.00. Saavu paikalle hyviss\u00e4 ajoin, jotta saat sinulle sopivat lainakamat. Olemme paikalla jakamassa kamoja klo 17.30 alkaen.<\/p>\n\n\n\n<p>Kallio Rolling Rainbown ilmaisella&nbsp;<strong>Open Skate<\/strong>&nbsp;-kokeilukerralla voit testata roller derby-luistelua rennosti ja matalalla kynnyksell\u00e4. Kokeilukerta ei ole viel\u00e4 varsinaista roller derby\u00e4, mutta vastaa kevennetysti <a href=\"http:\/\/www.kalliorollingrainbow.fi\/index.php\/alkeiskurssi\/\" data-type=\"URL\" data-id=\"http:\/\/www.kalliorollingrainbow.fi\/index.php\/alkeiskurssi\/\">alkeiskurssin <\/a>ensimm\u00e4isi\u00e4 treenikertoja. Tarjoamme luistimet, suojat, kyp\u00e4r\u00e4n ja ohjauksen! Voit my\u00f6s tuoda omat kamat tai esimerkiksi vain oman kyp\u00e4r\u00e4n.<\/p>\n\n\n\n<p>Urheiluun tarkoitetut tai muuten joustavat vaatteet voivat olla mukavimmat p\u00e4\u00e4ll\u00e4, mutta tapahtumassa menn\u00e4\u00e4n rennosti, joten p\u00e4rj\u00e4\u00e4t muutoinkin. Toivomme osallistujien ilmoittautuvan ennen Open Skate -tapahtumaa, jotta voimme varmistaa kaikille sopivat lainakamat ja jotta pysymme tietoisina osallistujam\u00e4\u00e4r\u00e4st\u00e4. Open skate -tapahtuman ja <a href=\"http:\/\/www.kalliorollingrainbow.fi\/index.php\/alkeiskurssi\/\">alkeiskurssin <\/a>ik\u00e4raja on 16 vuotta.<\/p>\n\n\n\n<p>Open skate -luistelun j\u00e4lkeen klo 19.30-21.00 voit j\u00e4\u00e4d\u00e4 katsomaan seuramme treenipeli\u00e4, jossa kilpajoukkueemme pelaavat toisiaan vastaan. P\u00e4\u00e4set seuraamaan miten seuramme pelaa ja treenaa, ja opit samalla roller derbyn s\u00e4\u00e4nt\u00f6j\u00e4.<\/p>\n\n\n\n<p>Ilmoittautuminen Open Skate -tapahtumaan avataan helmikuun loppupuolella.<\/p>\n\n\n\n<p>\u00c4l\u00e4 siis ep\u00e4r\u00f6i, nyt jos koskaan on oikea aika aloittaa roller derby! Se on hauskaa, hurjaa, hikist\u00e4 ja ihanaa sek\u00e4 t\u00e4ytt\u00e4\u00e4 el\u00e4m\u00e4si upeilla tyypeill\u00e4 ja tapahtumilla.<\/p>\n","protected":false},"excerpt":{"rendered":"<p>Tule kokeilemaan luistelua Kallio Rolling Rainbow\u2019n Open Skatessa ja aloita roller derbyn alkeiskurssi! Seuraava Open Skate j\u00e4rjestet\u00e4\u00e4n 13.3.2026 Pasilan Urheiluhallissa klo 18-19.30 \/ 21.00. Saavu paikalle hyviss\u00e4 ajoin, jotta saat sinulle sopivat lainakamat. Olemme paikalla jakamassa kamoja klo 17.30 alkaen. Kallio Rolling Rainbown ilmaisella&nbsp;Open Skate&nbsp;-kokeilukerralla voit testata roller derby-luistelua rennosti ja matalalla kynnyksell\u00e4. Kokeilukerta ei &hellip; <\/p>\n<p class=\"link-more\"><a href=\"https:\/\/www.kalliorollingrainbow.fi\/index.php\/free-open-skate\/\" class=\"more-link\">Continue reading<span class=\"screen-reader-text\"> &#8220;Open Skate!&#8221;<\/span><\/a><\/p>\n","protected":false},"author":1,"featured_media":0,"parent":0,"menu_order":0,"comment_status":"closed","ping_status":"closed","template":"","meta":{"footnotes":""},"class_list":["post-176","page","type-page","status-publish","hentry"],"jetpack_sharing_enabled":true,"_links":{"self":[{"href":"https:\/\/www.kalliorollingrainbow.fi\/index.php\/wp-json\/wp\/v2\/pages\/176","targetHints":{"allow":["GET"]}}],"collection":[{"href":"https:\/\/www.kalliorollingrainbow.fi\/index.php\/wp-json\/wp\/v2\/pages"}],"about":[{"href":"https:\/\/www.kalliorollingrainbow.fi\/index.php\/wp-json\/wp\/v2\/types\/page"}],"author":[{"embeddable":true,"href":"https:\/\/www.kalliorollingrainbow.fi\/index.php\/wp-json\/wp\/v2\/users\/1"}],"replies":[{"embeddable":true,"href":"https:\/\/www.kalliorollingrainbow.fi\/index.php\/wp-json\/wp\/v2\/comments?post=176"}],"version-history":[{"count":52,"href":"https:\/\/www.kalliorollingrainbow.fi\/index.php\/wp-json\/wp\/v2\/pages\/176\/revisions"}],"predecessor-version":[{"id":1541,"href":"https:\/\/www.kalliorollingrainbow.fi\/index.php\/wp-json\/wp\/v2\/pages\/176\/revisions\/1541"}],"wp:attachment":[{"href":"https:\/\/www.kalliorollingrainbow.fi\/index.php\/wp-json\/wp\/v2\/media?parent=176"}],"curies":[{"name":"wp","href":"https:\/\/api.w.org\/{rel}","templated":true}]}}