{"id":16,"date":"2022-01-28T10:24:10","date_gmt":"2022-01-28T10:24:10","guid":{"rendered":"http:\/\/www.kalliorollingrainbow.fi\/?page_id=16"},"modified":"2025-11-07T14:49:37","modified_gmt":"2025-11-07T12:49:37","slug":"contact-info","status":"publish","type":"page","link":"https:\/\/www.kalliorollingrainbow.fi\/index.php\/contact-info\/","title":{"rendered":"Yhteystiedot"},"content":{"rendered":"\n<p>Oletko kiinnostunut osallistumaan seuran toimintaan? Meille ovat tervetulleita kaikki aloittelijoista toimitsijoihin. Roller derby on siit\u00e4 hieno laji, ett\u00e4 kaikille l\u00f6ytyy mielek\u00e4st\u00e4 tekemist\u00e4. Onko sinulla aiempaa kokemusta roller derbyst\u00e4 tai onko sinulla muuten hyv\u00e4t luistelutaidot ja s\u00e4\u00e4nt\u00f6tuntemus? Joukkueisiimme haetaan aina uusia pelaajia, joten&nbsp;ota meihin yhteytt\u00e4.<\/p>\n\n\n\n<p>Contact us: info@kalliorollingrainbow.fi<\/p>\n\n\n\n<div class=\"wp-block-buttons is-layout-flex wp-block-buttons-is-layout-flex\"><\/div>\n\n\n\n<h2 class=\"wp-block-heading\" id=\"follow-us\">Seuraa meit\u00e4!<\/h2>\n\n\n\n<ul class=\"wp-block-social-links is-layout-flex wp-block-social-links-is-layout-flex\"><li class=\"wp-social-link wp-social-link-facebook  wp-block-social-link\"><a href=\"https:\/\/www.facebook.com\/KallioRollingRainbow\" class=\"wp-block-social-link-anchor\"><svg width=\"24\" height=\"24\" viewBox=\"0 0 24 24\" version=\"1.1\" xmlns=\"http:\/\/www.w3.org\/2000\/svg\" aria-hidden=\"true\" focusable=\"false\"><path d=\"M12 2C6.5 2 2 6.5 2 12c0 5 3.7 9.1 8.4 9.9v-7H7.9V12h2.5V9.8c0-2.5 1.5-3.9 3.8-3.9 1.1 0 2.2.2 2.2.2v2.5h-1.3c-1.2 0-1.6.8-1.6 1.6V12h2.8l-.4 2.9h-2.3v7C18.3 21.1 22 17 22 12c0-5.5-4.5-10-10-10z\"><\/path><\/svg><span class=\"wp-block-social-link-label screen-reader-text\">Facebook<\/span><\/a><\/li>\n\n<li class=\"wp-social-link wp-social-link-instagram  wp-block-social-link\"><a href=\"https:\/\/www.instagram.com\/kalliorollingrainbow\/\" class=\"wp-block-social-link-anchor\"><svg width=\"24\" height=\"24\" viewBox=\"0 0 24 24\" version=\"1.1\" xmlns=\"http:\/\/www.w3.org\/2000\/svg\" aria-hidden=\"true\" focusable=\"false\"><path d=\"M12,4.622c2.403,0,2.688,0.009,3.637,0.052c0.877,0.04,1.354,0.187,1.671,0.31c0.42,0.163,0.72,0.358,1.035,0.673 c0.315,0.315,0.51,0.615,0.673,1.035c0.123,0.317,0.27,0.794,0.31,1.671c0.043,0.949,0.052,1.234,0.052,3.637 s-0.009,2.688-0.052,3.637c-0.04,0.877-0.187,1.354-0.31,1.671c-0.163,0.42-0.358,0.72-0.673,1.035 c-0.315,0.315-0.615,0.51-1.035,0.673c-0.317,0.123-0.794,0.27-1.671,0.31c-0.949,0.043-1.233,0.052-3.637,0.052 s-2.688-0.009-3.637-0.052c-0.877-0.04-1.354-0.187-1.671-0.31c-0.42-0.163-0.72-0.358-1.035-0.673 c-0.315-0.315-0.51-0.615-0.673-1.035c-0.123-0.317-0.27-0.794-0.31-1.671C4.631,14.688,4.622,14.403,4.622,12 s0.009-2.688,0.052-3.637c0.04-0.877,0.187-1.354,0.31-1.671c0.163-0.42,0.358-0.72,0.673-1.035 c0.315-0.315,0.615-0.51,1.035-0.673c0.317-0.123,0.794-0.27,1.671-0.31C9.312,4.631,9.597,4.622,12,4.622 M12,3 C9.556,3,9.249,3.01,8.289,3.054C7.331,3.098,6.677,3.25,6.105,3.472C5.513,3.702,5.011,4.01,4.511,4.511 c-0.5,0.5-0.808,1.002-1.038,1.594C3.25,6.677,3.098,7.331,3.054,8.289C3.01,9.249,3,9.556,3,12c0,2.444,0.01,2.751,0.054,3.711 c0.044,0.958,0.196,1.612,0.418,2.185c0.23,0.592,0.538,1.094,1.038,1.594c0.5,0.5,1.002,0.808,1.594,1.038 c0.572,0.222,1.227,0.375,2.185,0.418C9.249,20.99,9.556,21,12,21s2.751-0.01,3.711-0.054c0.958-0.044,1.612-0.196,2.185-0.418 c0.592-0.23,1.094-0.538,1.594-1.038c0.5-0.5,0.808-1.002,1.038-1.594c0.222-0.572,0.375-1.227,0.418-2.185 C20.99,14.751,21,14.444,21,12s-0.01-2.751-0.054-3.711c-0.044-0.958-0.196-1.612-0.418-2.185c-0.23-0.592-0.538-1.094-1.038-1.594 c-0.5-0.5-1.002-0.808-1.594-1.038c-0.572-0.222-1.227-0.375-2.185-0.418C14.751,3.01,14.444,3,12,3L12,3z M12,7.378 c-2.552,0-4.622,2.069-4.622,4.622S9.448,16.622,12,16.622s4.622-2.069,4.622-4.622S14.552,7.378,12,7.378z M12,15 c-1.657,0-3-1.343-3-3s1.343-3,3-3s3,1.343,3,3S13.657,15,12,15z M16.804,6.116c-0.596,0-1.08,0.484-1.08,1.08 s0.484,1.08,1.08,1.08c0.596,0,1.08-0.484,1.08-1.08S17.401,6.116,16.804,6.116z\"><\/path><\/svg><span class=\"wp-block-social-link-label screen-reader-text\">Instagram<\/span><\/a><\/li>\n\n<li class=\"wp-social-link wp-social-link-twitter  wp-block-social-link\"><a href=\"https:\/\/twitter.com\/vivalakrr\" class=\"wp-block-social-link-anchor\"><svg width=\"24\" height=\"24\" viewBox=\"0 0 24 24\" version=\"1.1\" xmlns=\"http:\/\/www.w3.org\/2000\/svg\" aria-hidden=\"true\" focusable=\"false\"><path d=\"M22.23,5.924c-0.736,0.326-1.527,0.547-2.357,0.646c0.847-0.508,1.498-1.312,1.804-2.27 c-0.793,0.47-1.671,0.812-2.606,0.996C18.324,4.498,17.257,4,16.077,4c-2.266,0-4.103,1.837-4.103,4.103 c0,0.322,0.036,0.635,0.106,0.935C8.67,8.867,5.647,7.234,3.623,4.751C3.27,5.357,3.067,6.062,3.067,6.814 c0,1.424,0.724,2.679,1.825,3.415c-0.673-0.021-1.305-0.206-1.859-0.513c0,0.017,0,0.034,0,0.052c0,1.988,1.414,3.647,3.292,4.023 c-0.344,0.094-0.707,0.144-1.081,0.144c-0.264,0-0.521-0.026-0.772-0.074c0.522,1.63,2.038,2.816,3.833,2.85 c-1.404,1.1-3.174,1.756-5.096,1.756c-0.331,0-0.658-0.019-0.979-0.057c1.816,1.164,3.973,1.843,6.29,1.843 c7.547,0,11.675-6.252,11.675-11.675c0-0.178-0.004-0.355-0.012-0.531C20.985,7.47,21.68,6.747,22.23,5.924z\"><\/path><\/svg><span class=\"wp-block-social-link-label screen-reader-text\">Twitter<\/span><\/a><\/li><\/ul>\n\n\n\n<h2 class=\"wp-block-heading\" id=\"sisainen-tiedotus\">Sis\u00e4inen tiedotus<\/h2>\n\n\n\n<p>K\u00e4yt\u00f6ss\u00e4mme on kaksi p\u00e4\u00e4asiallista Facebook-ryhm\u00e4\u00e4, joihin p\u00e4\u00e4set kumpaankin j\u00e4seneksi WFTDA:n NDA-sopimuksen allekirjoittamisen j\u00e4lkeen.<\/p>\n\n\n\n<ul class=\"wp-block-list\"><li><strong>KRR <\/strong>&#8211; T\u00e4ss\u00e4 ryhm\u00e4ss\u00e4 voi jakaa ja kysy\u00e4 mit\u00e4 vaan kissavideoista oikeisiin kysymyksiin, Kallion ja muiden tapahtumiin tai melkeinp\u00e4 mihin vaan liittyen.<\/li><li><strong>KRR Treenit ja shittii<\/strong> &#8211; T\u00e4m\u00e4 ryhm\u00e4 on treenej\u00e4 ja pelej\u00e4 koskevia tiedotuksia varten. Ryhm\u00e4 on erotettu yleisest\u00e4 ryhm\u00e4st\u00e4 sen vuoksi, ett\u00e4 t\u00e4rke\u00e4mm\u00e4t infot ovat helpommin l\u00f6ydett\u00e4viss\u00e4.<\/li><\/ul>\n\n\n\n<p>N\u00e4iden ryhmien lis\u00e4ksi jokaisella joukkueella on omat ryhm\u00e4ns\u00e4 ja useimmiten my\u00f6s alkeiskurssilla omansa.<\/p>\n\n\n\n<p>Ep\u00e4virallisempaan keskusteluun seuralla on Facebookissa KRR-chat &#8211; hyv\u00e4 paikka kysell\u00e4 ja tutustua jengiin. KRR-chattia ei kuitenkaan k\u00e4ytet\u00e4 virallisena tiedotuskanavana, joten chattiin voi osallistua oman mielenkiinnon mukaan. My\u00f6s omilla joukkueilla ja pienryhmill\u00e4 voi olla omat chattinsa, joissa k\u00e4yd\u00e4\u00e4n ehk\u00e4 olennaisempaa keskustelua.&nbsp;<\/p>\n\n\n\n<h2 class=\"wp-block-heading\" id=\"yhteistyokumppanit\">Yhteisty\u00f6kumppanit<\/h2>\n\n\n\n<p>KRR:n p\u00e4\u00e4asialliset yhteisty\u00f6tahot ovat kansainv\u00e4linen lajin kattoj\u00e4rjest\u00f6 Women\u2019s Flat Track Derby Association <a href=\"https:\/\/wftda.com\/\" data-type=\"URL\" data-id=\"https:\/\/wftda.com\/\" target=\"_blank\" rel=\"noreferrer noopener\">WFTDA<\/a>, <a href=\"https:\/\/www.luisteluliitto.fi\/roller-derby\/\" target=\"_blank\" rel=\"noreferrer noopener\">Suomen Luisteluliitto<\/a> ja sen alla toimiva roller derby -valiokunta, sek\u00e4 <a href=\"https:\/\/www.eslu.fi\/\" target=\"_blank\" rel=\"noreferrer noopener\">Etel\u00e4-Suomen Liikunta ja Urheilu ry<\/a>.<\/p>\n\n\n\n<p>Muita yhteisty\u00f6tahoja ovat suomalaiset ja ulkomaalaiset roller derby -seurat, joiden kanssa tehd\u00e4\u00e4n laajaa ja jatkuvaa yhteisty\u00f6t\u00e4 muun muassa pelej\u00e4 j\u00e4rjest\u00e4m\u00e4ll\u00e4 sek\u00e4 tietoa jakamalla. KRR voi tukea muita seuroja tarjoamalla valmennusvierailuja tai -koulutusta ja parantaa omaa osaamistaan vastaanottamalla niit\u00e4 esimerkiksi harjoitteluleirien yhteydess\u00e4.<\/p>\n\n\n\n<h2 class=\"wp-block-heading\" id=\"sponsoroi-roller-derbya-ja-saa-nakyvyytta\">Sponsoroi Roller Derbya ja saa n\u00e4kyvyytt\u00e4<\/h2>\n\n\n\n<p>Haluatko tehd\u00e4 yhteisty\u00f6t\u00e4 aktiivisen, nuoren ja pinnalla olevan urheilujoukkueen kanssa? Helsinkil\u00e4inen roller derby -seura&nbsp;Kallio Rolling Rainbow&nbsp;etsii koko ajan lis\u00e4\u00e4 tukijoita ja yhteisty\u00f6kumppaneita.<\/p>\n\n\n\n<p>Sponsorina saat n\u00e4kyvyytt\u00e4 peliemme mainostuksessa, viestinn\u00e4ss\u00e4 sek\u00e4 esimerkiksi esittelypisteell\u00e4, ratamainoksissa, juonnoissa tai arvontapalkintoina. Pelej\u00e4 on vuosittain useita. Kohdeyleis\u00f6mme on 18\u201340-vuotiasta, nuorta, kaupunkilaista sek\u00e4 br\u00e4nditietoista ja arvostaa kaupunkikulttuurin ja naisten urheilun tukemista. Br\u00e4ndinne tai yrityksenne saavuttaa heid\u00e4t niin paikan p\u00e4\u00e4ll\u00e4 tapahtumissa kuin somenkin kautta. Voimme sopia juuri kullekin sponsorille parhaat ratkaisut n\u00e4kyvyyden muodoille.<\/p>\n\n\n\n<p>Yhteisty\u00f6kumppaneidemme tuki k\u00e4ytet\u00e4\u00e4n kokonaisuudessaan seuran urheilutoimintaan ja sen kehitt\u00e4miseen. Seuran toiminta perustuu vapaaehtoisten tekem\u00e4\u00e4n ty\u00f6h\u00f6n eik\u00e4 hallintokuluja juuri synny. Suurimmat kulut meille ovat harjoitustilojen vuokrat sek\u00e4 pelimatkat.<\/p>\n\n\n\n<p>Lis\u00e4ksi perustoimintaamme tukevia tuotelahjoituksia voivat olla esimerkiksi ratateipit, j\u00e4\u00e4pussit, v\u00e4lipalatarpeet tai lajitarvikkeet sek\u00e4 erilaiset arpajaispalkinnoksi sopivat tuotteet.<\/p>\n\n\n\n<p>Ota yhteytt\u00e4 s\u00e4hk\u00f6postitse osoitteeseen&nbsp;info(a)kalliorollingrainbow.fi, ja voimme sopia juuri teille sopivan sponsorointipaketin!<\/p>\n\n\n\n<hr class=\"wp-block-separator\"\/>\n\n\n\n<h2 class=\"wp-block-heading\" id=\"roller-derby-seurat-suomessa\">Roller Derby -seurat Suomessa<\/h2>\n\n\n\n<p>Kallio Rolling Rainbow:n lis\u00e4ksi roller derby -seuroja l\u00f6ytyy ymp\u00e4ri Suomen. Siirtyminen seurojen v\u00e4lill\u00e4 on helppoa esimerkiksi paikkakunnalta toiselle muuttaessa. <\/p>\n\n\n\n<p><a href=\"https:\/\/dirtyriverrollerderby.com\/\">Dirty River Roller Derby<\/a><br><a href=\"http:\/\/helsinkirollerderby.com\/\">Helsinki Roller Derby<\/a><br><a href=\"https:\/\/fi-fi.facebook.com\/JoensuuRollerDerby\/\">Joensuu Roller Derby<\/a><br><a href=\"https:\/\/www.facebook.com\/JokilaaksojenRullaajat\/\">Jokilaaksojen rullaajat ry<\/a><br><a href=\"https:\/\/www.jyvaskylarollerderby.fi\/\">Jyv\u00e4skyl\u00e4 Roller Derby<\/a><br><a href=\"http:\/\/kalliorollingrainbow.fi\/\">Kallio Rolling Rainbow<\/a><br><a href=\"https:\/\/kuopiorollerderby.fi\/\">Kuopio Roller Derby<\/a><br><a href=\"http:\/\/oulurollerderby.com\/\">Oulu Roller Derby<\/a><br><a href=\"https:\/\/porvoorollerderby.fi\/\">Porvoo Roller Derby<\/a><br><a href=\"https:\/\/rovaniemirollerderby.com\/\">Rovaniemi Roller Derby<\/a><br><a href=\"https:\/\/fi-fi.facebook.com\/sjkrollerderby\">Sein\u00e4joki Roller Derby<\/a><br><a href=\"https:\/\/www.tampererollerderby.com\/\">Tampere Roller Derby<\/a><\/p>\n","protected":false},"excerpt":{"rendered":"<p>Oletko kiinnostunut osallistumaan seuran toimintaan? Meille ovat tervetulleita kaikki aloittelijoista toimitsijoihin. Roller derby on siit\u00e4 hieno laji, ett\u00e4 kaikille l\u00f6ytyy mielek\u00e4st\u00e4 tekemist\u00e4. Onko sinulla aiempaa kokemusta roller derbyst\u00e4 tai onko sinulla muuten hyv\u00e4t luistelutaidot ja s\u00e4\u00e4nt\u00f6tuntemus? Joukkueisiimme haetaan aina uusia pelaajia, joten&nbsp;ota meihin yhteytt\u00e4. Contact us: info@kalliorollingrainbow.fi Seuraa meit\u00e4! Sis\u00e4inen tiedotus K\u00e4yt\u00f6ss\u00e4mme on kaksi p\u00e4\u00e4asiallista &hellip; <\/p>\n<p class=\"link-more\"><a href=\"https:\/\/www.kalliorollingrainbow.fi\/index.php\/contact-info\/\" class=\"more-link\">Continue reading<span class=\"screen-reader-text\"> &#8220;Yhteystiedot&#8221;<\/span><\/a><\/p>\n","protected":false},"author":1,"featured_media":0,"parent":0,"menu_order":0,"comment_status":"closed","ping_status":"closed","template":"","meta":{"footnotes":""},"class_list":["post-16","page","type-page","status-publish","hentry"],"jetpack_sharing_enabled":true,"_links":{"self":[{"href":"https:\/\/www.kalliorollingrainbow.fi\/index.php\/wp-json\/wp\/v2\/pages\/16","targetHints":{"allow":["GET"]}}],"collection":[{"href":"https:\/\/www.kalliorollingrainbow.fi\/index.php\/wp-json\/wp\/v2\/pages"}],"about":[{"href":"https:\/\/www.kalliorollingrainbow.fi\/index.php\/wp-json\/wp\/v2\/types\/page"}],"author":[{"embeddable":true,"href":"https:\/\/www.kalliorollingrainbow.fi\/index.php\/wp-json\/wp\/v2\/users\/1"}],"replies":[{"embeddable":true,"href":"https:\/\/www.kalliorollingrainbow.fi\/index.php\/wp-json\/wp\/v2\/comments?post=16"}],"version-history":[{"count":24,"href":"https:\/\/www.kalliorollingrainbow.fi\/index.php\/wp-json\/wp\/v2\/pages\/16\/revisions"}],"predecessor-version":[{"id":1447,"href":"https:\/\/www.kalliorollingrainbow.fi\/index.php\/wp-json\/wp\/v2\/pages\/16\/revisions\/1447"}],"wp:attachment":[{"href":"https:\/\/www.kalliorollingrainbow.fi\/index.php\/wp-json\/wp\/v2\/media?parent=16"}],"curies":[{"name":"wp","href":"https:\/\/api.w.org\/{rel}","templated":true}]}}