{"id":1144,"date":"2024-03-25T11:56:59","date_gmt":"2024-03-25T09:56:59","guid":{"rendered":"https:\/\/www.kalliorollingrainbow.fi\/?page_id=1144"},"modified":"2025-11-07T14:55:04","modified_gmt":"2025-11-07T12:55:04","slug":"historiaa","status":"publish","type":"page","link":"https:\/\/www.kalliorollingrainbow.fi\/index.php\/historiaa\/","title":{"rendered":"Historiaa"},"content":{"rendered":"\n<p>Radiodokumenttisarjassa Vaasankatu hy\u00f6kk\u00e4\u00e4! (2013) kuljetaan kohti Suomen ensimm\u00e4ist\u00e4 roller derbyn paikallisottelua, jossa Kallio Rolling Rainbow kohtaa pahimman kilpailijansa Helsinki Roller Derbyn. Sarja kertoo yst\u00e4vyydest\u00e4, rakkaudesta, yhteis\u00f6llisyydest\u00e4 ja el\u00e4m\u00e4st\u00e4 yleens\u00e4 kolmekymppisten harrastajien silmin kalliolaisessa urheiluseurassa. Ohjelmasarjaa ei suositella puritaaneille eik\u00e4 tosikoille.<\/p>\n\n\n\n<div class=\"wp-block-buttons is-layout-flex wp-block-buttons-is-layout-flex\">\n<div class=\"wp-block-button\"><a class=\"wp-block-button__link\" href=\"https:\/\/areena.yle.fi\/podcastit\/1-1878923\">Kuuntele Vaasankatu hy\u00f6kk\u00e4\u00e4 YLE Areenassa<\/a><\/div>\n<\/div>\n\n\n\n<div class=\"wp-block-buttons is-layout-flex wp-block-buttons-is-layout-flex\">\n<div class=\"wp-block-button\"><a class=\"wp-block-button__link\" href=\"https:\/\/vintti.yle.fi\/yle.fi\/blogit.yle.fi\/vaasankatu-hyokkaa.html\">Vaasankatu hy\u00f6kk\u00e4\u00e4 -blogi<\/a><\/div>\n<\/div>\n\n\n\n<p><\/p>\n","protected":false},"excerpt":{"rendered":"<p>Radiodokumenttisarjassa Vaasankatu hy\u00f6kk\u00e4\u00e4! (2013) kuljetaan kohti Suomen ensimm\u00e4ist\u00e4 roller derbyn paikallisottelua, jossa Kallio Rolling Rainbow kohtaa pahimman kilpailijansa Helsinki Roller Derbyn. Sarja kertoo yst\u00e4vyydest\u00e4, rakkaudesta, yhteis\u00f6llisyydest\u00e4 ja el\u00e4m\u00e4st\u00e4 yleens\u00e4 kolmekymppisten harrastajien silmin kalliolaisessa urheiluseurassa. Ohjelmasarjaa ei suositella puritaaneille eik\u00e4 tosikoille.<\/p>\n","protected":false},"author":1,"featured_media":0,"parent":0,"menu_order":0,"comment_status":"closed","ping_status":"closed","template":"","meta":{"footnotes":""},"class_list":["post-1144","page","type-page","status-publish","hentry"],"jetpack_sharing_enabled":true,"_links":{"self":[{"href":"https:\/\/www.kalliorollingrainbow.fi\/index.php\/wp-json\/wp\/v2\/pages\/1144","targetHints":{"allow":["GET"]}}],"collection":[{"href":"https:\/\/www.kalliorollingrainbow.fi\/index.php\/wp-json\/wp\/v2\/pages"}],"about":[{"href":"https:\/\/www.kalliorollingrainbow.fi\/index.php\/wp-json\/wp\/v2\/types\/page"}],"author":[{"embeddable":true,"href":"https:\/\/www.kalliorollingrainbow.fi\/index.php\/wp-json\/wp\/v2\/users\/1"}],"replies":[{"embeddable":true,"href":"https:\/\/www.kalliorollingrainbow.fi\/index.php\/wp-json\/wp\/v2\/comments?post=1144"}],"version-history":[{"count":4,"href":"https:\/\/www.kalliorollingrainbow.fi\/index.php\/wp-json\/wp\/v2\/pages\/1144\/revisions"}],"predecessor-version":[{"id":1450,"href":"https:\/\/www.kalliorollingrainbow.fi\/index.php\/wp-json\/wp\/v2\/pages\/1144\/revisions\/1450"}],"wp:attachment":[{"href":"https:\/\/www.kalliorollingrainbow.fi\/index.php\/wp-json\/wp\/v2\/media?parent=1144"}],"curies":[{"name":"wp","href":"https:\/\/api.w.org\/{rel}","templated":true}]}}